{"id":210,"date":"2023-05-24T20:37:33","date_gmt":"2023-05-24T18:37:33","guid":{"rendered":"https:\/\/www.tropicalbrownie.sk\/?page_id=210"},"modified":"2024-01-11T11:19:23","modified_gmt":"2024-01-11T10:19:23","slug":"recenzie","status":"publish","type":"page","link":"https:\/\/www.tropicalbrownie.sk\/?page_id=210","title":{"rendered":"*RECENZIE*"},"content":{"rendered":"\n<div class=\"is-layout-flex wp-container-4 wp-block-columns\">\n<div class=\"is-layout-flow wp-block-column\" style=\"flex-basis:100%\">\n<figure class=\"is-layout-flex wp-block-gallery-1 wp-block-gallery aligncenter has-nested-images columns-2 is-cropped\">\n<figure class=\"wp-block-image size-large\"><img decoding=\"async\" loading=\"lazy\" width=\"647\" height=\"1024\" src=\"https:\/\/www.tropicalbrownie.sk\/wp-content\/uploads\/2023\/05\/Screenshot_20230524-204106_Instagram-647x1024.jpg\" alt=\"\" class=\"wp-image-217\" srcset=\"https:\/\/www.tropicalbrownie.sk\/wp-content\/uploads\/2023\/05\/Screenshot_20230524-204106_Instagram-647x1024.jpg 647w, https:\/\/www.tropicalbrownie.sk\/wp-content\/uploads\/2023\/05\/Screenshot_20230524-204106_Instagram-190x300.jpg 190w, https:\/\/www.tropicalbrownie.sk\/wp-content\/uploads\/2023\/05\/Screenshot_20230524-204106_Instagram-768x1215.jpg 768w, https:\/\/www.tropicalbrownie.sk\/wp-content\/uploads\/2023\/05\/Screenshot_20230524-204106_Instagram-971x1536.jpg 971w, https:\/\/www.tropicalbrownie.sk\/wp-content\/uploads\/2023\/05\/Screenshot_20230524-204106_Instagram.jpg 1080w\" sizes=\"(max-width: 647px) 100vw, 647px\" \/><\/figure>\n\n\n\n<figure class=\"wp-block-image size-large\"><img decoding=\"async\" loading=\"lazy\" width=\"630\" height=\"1024\" src=\"https:\/\/www.tropicalbrownie.sk\/wp-content\/uploads\/2023\/05\/Screenshot_20230518-220259_Instagram-630x1024.jpg\" alt=\"\" class=\"wp-image-218\" srcset=\"https:\/\/www.tropicalbrownie.sk\/wp-content\/uploads\/2023\/05\/Screenshot_20230518-220259_Instagram-630x1024.jpg 630w, https:\/\/www.tropicalbrownie.sk\/wp-content\/uploads\/2023\/05\/Screenshot_20230518-220259_Instagram-185x300.jpg 185w, https:\/\/www.tropicalbrownie.sk\/wp-content\/uploads\/2023\/05\/Screenshot_20230518-220259_Instagram-768x1248.jpg 768w, https:\/\/www.tropicalbrownie.sk\/wp-content\/uploads\/2023\/05\/Screenshot_20230518-220259_Instagram-945x1536.jpg 945w, https:\/\/www.tropicalbrownie.sk\/wp-content\/uploads\/2023\/05\/Screenshot_20230518-220259_Instagram.jpg 1080w\" sizes=\"(max-width: 630px) 100vw, 630px\" \/><\/figure>\n<\/figure>\n<\/div>\n<\/div>\n\n\n\n<div class=\"is-layout-flex wp-container-8 wp-block-columns\">\n<div class=\"is-layout-flow wp-block-column\" style=\"flex-basis:100%\">\n<figure class=\"is-layout-flex wp-block-gallery-5 wp-block-gallery has-nested-images columns-default is-cropped\">\n<figure class=\"wp-block-image size-large\"><img decoding=\"async\" loading=\"lazy\" width=\"529\" height=\"1024\" src=\"https:\/\/www.tropicalbrownie.sk\/wp-content\/uploads\/2023\/06\/Screenshot_20230526-111301_Instagram-529x1024.jpg\" alt=\"\" class=\"wp-image-237\" srcset=\"https:\/\/www.tropicalbrownie.sk\/wp-content\/uploads\/2023\/06\/Screenshot_20230526-111301_Instagram-529x1024.jpg 529w, https:\/\/www.tropicalbrownie.sk\/wp-content\/uploads\/2023\/06\/Screenshot_20230526-111301_Instagram-155x300.jpg 155w, https:\/\/www.tropicalbrownie.sk\/wp-content\/uploads\/2023\/06\/Screenshot_20230526-111301_Instagram-768x1486.jpg 768w, https:\/\/www.tropicalbrownie.sk\/wp-content\/uploads\/2023\/06\/Screenshot_20230526-111301_Instagram-794x1536.jpg 794w, https:\/\/www.tropicalbrownie.sk\/wp-content\/uploads\/2023\/06\/Screenshot_20230526-111301_Instagram-1058x2048.jpg 1058w, https:\/\/www.tropicalbrownie.sk\/wp-content\/uploads\/2023\/06\/Screenshot_20230526-111301_Instagram.jpg 1080w\" sizes=\"(max-width: 529px) 100vw, 529px\" \/><\/figure>\n\n\n\n<figure class=\"wp-block-image size-large\"><img decoding=\"async\" loading=\"lazy\" width=\"529\" height=\"1024\" src=\"https:\/\/www.tropicalbrownie.sk\/wp-content\/uploads\/2023\/06\/Screenshot_20230602-153928_Instagram-1-529x1024.jpg\" alt=\"\" class=\"wp-image-238\" srcset=\"https:\/\/www.tropicalbrownie.sk\/wp-content\/uploads\/2023\/06\/Screenshot_20230602-153928_Instagram-1-529x1024.jpg 529w, https:\/\/www.tropicalbrownie.sk\/wp-content\/uploads\/2023\/06\/Screenshot_20230602-153928_Instagram-1-155x300.jpg 155w, https:\/\/www.tropicalbrownie.sk\/wp-content\/uploads\/2023\/06\/Screenshot_20230602-153928_Instagram-1-768x1486.jpg 768w, https:\/\/www.tropicalbrownie.sk\/wp-content\/uploads\/2023\/06\/Screenshot_20230602-153928_Instagram-1-794x1536.jpg 794w, https:\/\/www.tropicalbrownie.sk\/wp-content\/uploads\/2023\/06\/Screenshot_20230602-153928_Instagram-1-1058x2048.jpg 1058w, https:\/\/www.tropicalbrownie.sk\/wp-content\/uploads\/2023\/06\/Screenshot_20230602-153928_Instagram-1.jpg 1080w\" sizes=\"(max-width: 529px) 100vw, 529px\" \/><\/figure>\n<\/figure>\n<\/div>\n<\/div>\n\n\n\n<figure class=\"is-layout-flex wp-block-gallery-9 wp-block-gallery has-nested-images columns-default is-cropped\">\n<figure class=\"wp-block-image size-large\"><img decoding=\"async\" loading=\"lazy\" width=\"461\" height=\"1024\" data-id=\"242\"  src=\"https:\/\/www.tropicalbrownie.sk\/wp-content\/uploads\/2023\/06\/Screenshot_20230524-204426_Instagram-461x1024.jpg\" alt=\"\" class=\"wp-image-242\" srcset=\"https:\/\/www.tropicalbrownie.sk\/wp-content\/uploads\/2023\/06\/Screenshot_20230524-204426_Instagram-461x1024.jpg 461w, https:\/\/www.tropicalbrownie.sk\/wp-content\/uploads\/2023\/06\/Screenshot_20230524-204426_Instagram-135x300.jpg 135w, https:\/\/www.tropicalbrownie.sk\/wp-content\/uploads\/2023\/06\/Screenshot_20230524-204426_Instagram-768x1707.jpg 768w, https:\/\/www.tropicalbrownie.sk\/wp-content\/uploads\/2023\/06\/Screenshot_20230524-204426_Instagram-691x1536.jpg 691w, https:\/\/www.tropicalbrownie.sk\/wp-content\/uploads\/2023\/06\/Screenshot_20230524-204426_Instagram-922x2048.jpg 922w, https:\/\/www.tropicalbrownie.sk\/wp-content\/uploads\/2023\/06\/Screenshot_20230524-204426_Instagram.jpg 1080w\" sizes=\"(max-width: 461px) 100vw, 461px\" \/><\/figure>\n\n\n\n<figure class=\"wp-block-image size-large\"><img decoding=\"async\" loading=\"lazy\" width=\"721\" height=\"1024\" data-id=\"243\"  src=\"https:\/\/www.tropicalbrownie.sk\/wp-content\/uploads\/2023\/06\/Screenshot_20230524-204252_Messenger-721x1024.jpg\" alt=\"\" class=\"wp-image-243\" srcset=\"https:\/\/www.tropicalbrownie.sk\/wp-content\/uploads\/2023\/06\/Screenshot_20230524-204252_Messenger-721x1024.jpg 721w, https:\/\/www.tropicalbrownie.sk\/wp-content\/uploads\/2023\/06\/Screenshot_20230524-204252_Messenger-211x300.jpg 211w, https:\/\/www.tropicalbrownie.sk\/wp-content\/uploads\/2023\/06\/Screenshot_20230524-204252_Messenger-768x1091.jpg 768w, https:\/\/www.tropicalbrownie.sk\/wp-content\/uploads\/2023\/06\/Screenshot_20230524-204252_Messenger.jpg 1080w\" sizes=\"(max-width: 721px) 100vw, 721px\" \/><\/figure>\n<\/figure>\n\n\n\n<p><\/p>\n\n\n\n<p><\/p>\n\n\n\n<figure class=\"is-layout-flex wp-block-gallery-11 wp-block-gallery has-nested-images columns-default is-cropped\">\n<figure class=\"wp-block-image size-large\"><img decoding=\"async\" loading=\"lazy\" width=\"527\" height=\"1024\" data-id=\"248\"  src=\"https:\/\/www.tropicalbrownie.sk\/wp-content\/uploads\/2023\/06\/Screenshot_20230623-155502_Instagram-527x1024.jpg\" alt=\"\" class=\"wp-image-248\" srcset=\"https:\/\/www.tropicalbrownie.sk\/wp-content\/uploads\/2023\/06\/Screenshot_20230623-155502_Instagram-527x1024.jpg 527w, https:\/\/www.tropicalbrownie.sk\/wp-content\/uploads\/2023\/06\/Screenshot_20230623-155502_Instagram-154x300.jpg 154w, https:\/\/www.tropicalbrownie.sk\/wp-content\/uploads\/2023\/06\/Screenshot_20230623-155502_Instagram-768x1492.jpg 768w, https:\/\/www.tropicalbrownie.sk\/wp-content\/uploads\/2023\/06\/Screenshot_20230623-155502_Instagram-791x1536.jpg 791w, https:\/\/www.tropicalbrownie.sk\/wp-content\/uploads\/2023\/06\/Screenshot_20230623-155502_Instagram-1054x2048.jpg 1054w, https:\/\/www.tropicalbrownie.sk\/wp-content\/uploads\/2023\/06\/Screenshot_20230623-155502_Instagram.jpg 1080w\" sizes=\"(max-width: 527px) 100vw, 527px\" \/><\/figure>\n\n\n\n<figure class=\"wp-block-image size-large\"><img decoding=\"async\" loading=\"lazy\" width=\"581\" height=\"1024\" data-id=\"247\"  src=\"https:\/\/www.tropicalbrownie.sk\/wp-content\/uploads\/2023\/06\/Screenshot_20230603-122156_Instagram-581x1024.jpg\" alt=\"\" class=\"wp-image-247\" srcset=\"https:\/\/www.tropicalbrownie.sk\/wp-content\/uploads\/2023\/06\/Screenshot_20230603-122156_Instagram-581x1024.jpg 581w, https:\/\/www.tropicalbrownie.sk\/wp-content\/uploads\/2023\/06\/Screenshot_20230603-122156_Instagram-170x300.jpg 170w, https:\/\/www.tropicalbrownie.sk\/wp-content\/uploads\/2023\/06\/Screenshot_20230603-122156_Instagram-768x1354.jpg 768w, https:\/\/www.tropicalbrownie.sk\/wp-content\/uploads\/2023\/06\/Screenshot_20230603-122156_Instagram-871x1536.jpg 871w, https:\/\/www.tropicalbrownie.sk\/wp-content\/uploads\/2023\/06\/Screenshot_20230603-122156_Instagram.jpg 1080w\" sizes=\"(max-width: 581px) 100vw, 581px\" \/><\/figure>\n<\/figure>\n\n\n\n<figure class=\"is-layout-flex wp-block-gallery-13 wp-block-gallery has-nested-images columns-default is-cropped\"><\/figure>\n\n\n\n<p><\/p>\n\n\n\n<figure class=\"is-layout-flex wp-block-gallery-15 wp-block-gallery has-nested-images columns-default is-cropped\">\n<figure class=\"wp-block-image size-large\"><img decoding=\"async\" loading=\"lazy\" width=\"520\" height=\"1024\" data-id=\"251\"  src=\"https:\/\/www.tropicalbrownie.sk\/wp-content\/uploads\/2023\/08\/Screenshot_20230707-134459_Instagram-520x1024.jpg\" alt=\"\" class=\"wp-image-251\" srcset=\"https:\/\/www.tropicalbrownie.sk\/wp-content\/uploads\/2023\/08\/Screenshot_20230707-134459_Instagram-520x1024.jpg 520w, https:\/\/www.tropicalbrownie.sk\/wp-content\/uploads\/2023\/08\/Screenshot_20230707-134459_Instagram-152x300.jpg 152w, https:\/\/www.tropicalbrownie.sk\/wp-content\/uploads\/2023\/08\/Screenshot_20230707-134459_Instagram-768x1513.jpg 768w, https:\/\/www.tropicalbrownie.sk\/wp-content\/uploads\/2023\/08\/Screenshot_20230707-134459_Instagram-780x1536.jpg 780w, https:\/\/www.tropicalbrownie.sk\/wp-content\/uploads\/2023\/08\/Screenshot_20230707-134459_Instagram-1039x2048.jpg 1039w, https:\/\/www.tropicalbrownie.sk\/wp-content\/uploads\/2023\/08\/Screenshot_20230707-134459_Instagram.jpg 1080w\" sizes=\"(max-width: 520px) 100vw, 520px\" \/><\/figure>\n\n\n\n<figure class=\"wp-block-image size-large\"><img decoding=\"async\" loading=\"lazy\" width=\"510\" height=\"1024\" data-id=\"252\"  src=\"https:\/\/www.tropicalbrownie.sk\/wp-content\/uploads\/2023\/08\/Screenshot_20230824-103250_Instagram-510x1024.jpg\" alt=\"\" class=\"wp-image-252\" srcset=\"https:\/\/www.tropicalbrownie.sk\/wp-content\/uploads\/2023\/08\/Screenshot_20230824-103250_Instagram-510x1024.jpg 510w, https:\/\/www.tropicalbrownie.sk\/wp-content\/uploads\/2023\/08\/Screenshot_20230824-103250_Instagram-149x300.jpg 149w, https:\/\/www.tropicalbrownie.sk\/wp-content\/uploads\/2023\/08\/Screenshot_20230824-103250_Instagram-768x1543.jpg 768w, https:\/\/www.tropicalbrownie.sk\/wp-content\/uploads\/2023\/08\/Screenshot_20230824-103250_Instagram-764x1536.jpg 764w, https:\/\/www.tropicalbrownie.sk\/wp-content\/uploads\/2023\/08\/Screenshot_20230824-103250_Instagram-1019x2048.jpg 1019w, https:\/\/www.tropicalbrownie.sk\/wp-content\/uploads\/2023\/08\/Screenshot_20230824-103250_Instagram.jpg 1080w\" sizes=\"(max-width: 510px) 100vw, 510px\" \/><\/figure>\n<figcaption class=\"blocks-gallery-caption wp-element-caption\"><br><\/figcaption><\/figure>\n\n\n\n<figure class=\"is-layout-flex wp-block-gallery-17 wp-block-gallery has-nested-images columns-default is-cropped\">\n<figure class=\"wp-block-image size-large\"><img decoding=\"async\" loading=\"lazy\" width=\"461\" height=\"1024\" data-id=\"276\"  src=\"https:\/\/www.tropicalbrownie.sk\/wp-content\/uploads\/2024\/01\/Screenshot_20231124-112237_Instagram-461x1024.jpg\" alt=\"\" class=\"wp-image-276\" srcset=\"https:\/\/www.tropicalbrownie.sk\/wp-content\/uploads\/2024\/01\/Screenshot_20231124-112237_Instagram-461x1024.jpg 461w, https:\/\/www.tropicalbrownie.sk\/wp-content\/uploads\/2024\/01\/Screenshot_20231124-112237_Instagram-135x300.jpg 135w, https:\/\/www.tropicalbrownie.sk\/wp-content\/uploads\/2024\/01\/Screenshot_20231124-112237_Instagram-768x1707.jpg 768w, https:\/\/www.tropicalbrownie.sk\/wp-content\/uploads\/2024\/01\/Screenshot_20231124-112237_Instagram-691x1536.jpg 691w, https:\/\/www.tropicalbrownie.sk\/wp-content\/uploads\/2024\/01\/Screenshot_20231124-112237_Instagram-922x2048.jpg 922w, https:\/\/www.tropicalbrownie.sk\/wp-content\/uploads\/2024\/01\/Screenshot_20231124-112237_Instagram.jpg 1080w\" sizes=\"(max-width: 461px) 100vw, 461px\" \/><\/figure>\n\n\n\n<figure class=\"wp-block-image size-large\"><img decoding=\"async\" loading=\"lazy\" width=\"461\" height=\"1024\" data-id=\"277\"  src=\"https:\/\/www.tropicalbrownie.sk\/wp-content\/uploads\/2024\/01\/Screenshot_20231123-175549_Instagram-461x1024.jpg\" alt=\"\" class=\"wp-image-277\" srcset=\"https:\/\/www.tropicalbrownie.sk\/wp-content\/uploads\/2024\/01\/Screenshot_20231123-175549_Instagram-461x1024.jpg 461w, https:\/\/www.tropicalbrownie.sk\/wp-content\/uploads\/2024\/01\/Screenshot_20231123-175549_Instagram-135x300.jpg 135w, https:\/\/www.tropicalbrownie.sk\/wp-content\/uploads\/2024\/01\/Screenshot_20231123-175549_Instagram-768x1707.jpg 768w, https:\/\/www.tropicalbrownie.sk\/wp-content\/uploads\/2024\/01\/Screenshot_20231123-175549_Instagram-691x1536.jpg 691w, https:\/\/www.tropicalbrownie.sk\/wp-content\/uploads\/2024\/01\/Screenshot_20231123-175549_Instagram-922x2048.jpg 922w, https:\/\/www.tropicalbrownie.sk\/wp-content\/uploads\/2024\/01\/Screenshot_20231123-175549_Instagram.jpg 1080w\" sizes=\"(max-width: 461px) 100vw, 461px\" \/><\/figure>\n<\/figure>\n","protected":false},"excerpt":{"rendered":"","protected":false},"author":1,"featured_media":0,"parent":0,"menu_order":0,"comment_status":"closed","ping_status":"closed","template":"","meta":{"_mi_skip_tracking":false},"yoast_head":"<!-- This site is optimized with the Yoast SEO plugin v20.0 - https:\/\/yoast.com\/wordpress\/plugins\/seo\/ -->\n<title>*RECENZIE* - Tropical Brownie<\/title>\n<meta name=\"robots\" content=\"index, follow, max-snippet:-1, max-image-preview:large, max-video-preview:-1\" \/>\n<link rel=\"canonical\" href=\"https:\/\/www.tropicalbrownie.sk\/?page_id=210\" \/>\n<meta property=\"og:locale\" content=\"sk_SK\" \/>\n<meta property=\"og:type\" content=\"article\" \/>\n<meta property=\"og:title\" content=\"*RECENZIE* - Tropical Brownie\" \/>\n<meta property=\"og:url\" content=\"https:\/\/www.tropicalbrownie.sk\/?page_id=210\" \/>\n<meta property=\"og:site_name\" content=\"Tropical Brownie\" \/>\n<meta property=\"article:modified_time\" content=\"2024-01-11T10:19:23+00:00\" \/>\n<meta property=\"og:image\" content=\"https:\/\/www.tropicalbrownie.sk\/wp-content\/uploads\/2023\/05\/Screenshot_20230524-204106_Instagram-647x1024.jpg\" \/>\n<meta name=\"twitter:card\" content=\"summary_large_image\" \/>\n<meta name=\"twitter:label1\" content=\"Predpokladan\u00fd \u010das \u010d\u00edtania\" \/>\n\t<meta name=\"twitter:data1\" content=\"3 min\u00faty\" \/>\n<script type=\"application\/ld+json\" class=\"yoast-schema-graph\">{\"@context\":\"https:\/\/schema.org\",\"@graph\":[{\"@type\":\"WebPage\",\"@id\":\"https:\/\/www.tropicalbrownie.sk\/?page_id=210\",\"url\":\"https:\/\/www.tropicalbrownie.sk\/?page_id=210\",\"name\":\"*RECENZIE* - Tropical Brownie\",\"isPartOf\":{\"@id\":\"https:\/\/www.tropicalbrownie.sk\/#website\"},\"datePublished\":\"2023-05-24T18:37:33+00:00\",\"dateModified\":\"2024-01-11T10:19:23+00:00\",\"breadcrumb\":{\"@id\":\"https:\/\/www.tropicalbrownie.sk\/?page_id=210#breadcrumb\"},\"inLanguage\":\"sk-SK\",\"potentialAction\":[{\"@type\":\"ReadAction\",\"target\":[\"https:\/\/www.tropicalbrownie.sk\/?page_id=210\"]}]},{\"@type\":\"BreadcrumbList\",\"@id\":\"https:\/\/www.tropicalbrownie.sk\/?page_id=210#breadcrumb\",\"itemListElement\":[{\"@type\":\"ListItem\",\"position\":1,\"name\":\"Home\",\"item\":\"https:\/\/www.tropicalbrownie.sk\/\"},{\"@type\":\"ListItem\",\"position\":2,\"name\":\"*RECENZIE*\"}]},{\"@type\":\"WebSite\",\"@id\":\"https:\/\/www.tropicalbrownie.sk\/#website\",\"url\":\"https:\/\/www.tropicalbrownie.sk\/\",\"name\":\"Tropical Brownie\",\"description\":\"Najlep\u0161ia cena za najkvalitnej\u0161ie slu\u017eby\",\"potentialAction\":[{\"@type\":\"SearchAction\",\"target\":{\"@type\":\"EntryPoint\",\"urlTemplate\":\"https:\/\/www.tropicalbrownie.sk\/?s={search_term_string}\"},\"query-input\":\"required name=search_term_string\"}],\"inLanguage\":\"sk-SK\"}]}<\/script>\n<!-- \/ Yoast SEO plugin. -->","yoast_head_json":{"title":"*RECENZIE* - Tropical Brownie","robots":{"index":"index","follow":"follow","max-snippet":"max-snippet:-1","max-image-preview":"max-image-preview:large","max-video-preview":"max-video-preview:-1"},"canonical":"https:\/\/www.tropicalbrownie.sk\/?page_id=210","og_locale":"sk_SK","og_type":"article","og_title":"*RECENZIE* - Tropical Brownie","og_url":"https:\/\/www.tropicalbrownie.sk\/?page_id=210","og_site_name":"Tropical Brownie","article_modified_time":"2024-01-11T10:19:23+00:00","og_image":[{"url":"https:\/\/www.tropicalbrownie.sk\/wp-content\/uploads\/2023\/05\/Screenshot_20230524-204106_Instagram-647x1024.jpg"}],"twitter_card":"summary_large_image","twitter_misc":{"Predpokladan\u00fd \u010das \u010d\u00edtania":"3 min\u00faty"},"schema":{"@context":"https:\/\/schema.org","@graph":[{"@type":"WebPage","@id":"https:\/\/www.tropicalbrownie.sk\/?page_id=210","url":"https:\/\/www.tropicalbrownie.sk\/?page_id=210","name":"*RECENZIE* - Tropical Brownie","isPartOf":{"@id":"https:\/\/www.tropicalbrownie.sk\/#website"},"datePublished":"2023-05-24T18:37:33+00:00","dateModified":"2024-01-11T10:19:23+00:00","breadcrumb":{"@id":"https:\/\/www.tropicalbrownie.sk\/?page_id=210#breadcrumb"},"inLanguage":"sk-SK","potentialAction":[{"@type":"ReadAction","target":["https:\/\/www.tropicalbrownie.sk\/?page_id=210"]}]},{"@type":"BreadcrumbList","@id":"https:\/\/www.tropicalbrownie.sk\/?page_id=210#breadcrumb","itemListElement":[{"@type":"ListItem","position":1,"name":"Home","item":"https:\/\/www.tropicalbrownie.sk\/"},{"@type":"ListItem","position":2,"name":"*RECENZIE*"}]},{"@type":"WebSite","@id":"https:\/\/www.tropicalbrownie.sk\/#website","url":"https:\/\/www.tropicalbrownie.sk\/","name":"Tropical Brownie","description":"Najlep\u0161ia cena za najkvalitnej\u0161ie slu\u017eby","potentialAction":[{"@type":"SearchAction","target":{"@type":"EntryPoint","urlTemplate":"https:\/\/www.tropicalbrownie.sk\/?s={search_term_string}"},"query-input":"required name=search_term_string"}],"inLanguage":"sk-SK"}]}},"_links":{"self":[{"href":"https:\/\/www.tropicalbrownie.sk\/index.php?rest_route=\/wp\/v2\/pages\/210"}],"collection":[{"href":"https:\/\/www.tropicalbrownie.sk\/index.php?rest_route=\/wp\/v2\/pages"}],"about":[{"href":"https:\/\/www.tropicalbrownie.sk\/index.php?rest_route=\/wp\/v2\/types\/page"}],"author":[{"embeddable":true,"href":"https:\/\/www.tropicalbrownie.sk\/index.php?rest_route=\/wp\/v2\/users\/1"}],"replies":[{"embeddable":true,"href":"https:\/\/www.tropicalbrownie.sk\/index.php?rest_route=%2Fwp%2Fv2%2Fcomments&post=210"}],"version-history":[{"count":6,"href":"https:\/\/www.tropicalbrownie.sk\/index.php?rest_route=\/wp\/v2\/pages\/210\/revisions"}],"predecessor-version":[{"id":279,"href":"https:\/\/www.tropicalbrownie.sk\/index.php?rest_route=\/wp\/v2\/pages\/210\/revisions\/279"}],"wp:attachment":[{"href":"https:\/\/www.tropicalbrownie.sk\/index.php?rest_route=%2Fwp%2Fv2%2Fmedia&parent=210"}],"curies":[{"name":"wp","href":"https:\/\/api.w.org\/{rel}","templated":true}]}}