{"id":22,"date":"2023-01-26T19:53:47","date_gmt":"2023-01-26T18:53:47","guid":{"rendered":"https:\/\/www.tropicalbrownie.sk\/?page_id=22"},"modified":"2026-04-21T10:52:26","modified_gmt":"2026-04-21T08:52:26","slug":"dolezite-informacie","status":"publish","type":"page","link":"https:\/\/www.tropicalbrownie.sk\/?page_id=22","title":{"rendered":"INFORM\u00c1CIE"},"content":{"rendered":"\n<figure class=\"wp-block-image alignfull size-large\"><img decoding=\"async\" loading=\"lazy\" width=\"819\" height=\"1024\" src=\"https:\/\/www.tropicalbrownie.sk\/wp-content\/uploads\/2026\/04\/2-819x1024.jpg\" alt=\"\" class=\"wp-image-454\" srcset=\"https:\/\/www.tropicalbrownie.sk\/wp-content\/uploads\/2026\/04\/2-819x1024.jpg 819w, https:\/\/www.tropicalbrownie.sk\/wp-content\/uploads\/2026\/04\/2-240x300.jpg 240w, https:\/\/www.tropicalbrownie.sk\/wp-content\/uploads\/2026\/04\/2-768x960.jpg 768w, https:\/\/www.tropicalbrownie.sk\/wp-content\/uploads\/2026\/04\/2-1229x1536.jpg 1229w, https:\/\/www.tropicalbrownie.sk\/wp-content\/uploads\/2026\/04\/2-1638x2048.jpg 1638w, https:\/\/www.tropicalbrownie.sk\/wp-content\/uploads\/2026\/04\/2-scaled.jpg 2048w\" sizes=\"(max-width: 819px) 100vw, 819px\" \/><\/figure>\n\n\n\n<p><\/p>\n\n\n\n<p><\/p>\n\n\n\n<p><\/p>\n\n\n\n<p><\/p>\n\n\n\n<figure class=\"wp-block-image alignfull size-large\"><img decoding=\"async\" loading=\"lazy\" width=\"819\" height=\"1024\" src=\"https:\/\/www.tropicalbrownie.sk\/wp-content\/uploads\/2026\/04\/8-3-819x1024.jpg\" alt=\"\" class=\"wp-image-464\" srcset=\"https:\/\/www.tropicalbrownie.sk\/wp-content\/uploads\/2026\/04\/8-3-819x1024.jpg 819w, https:\/\/www.tropicalbrownie.sk\/wp-content\/uploads\/2026\/04\/8-3-240x300.jpg 240w, https:\/\/www.tropicalbrownie.sk\/wp-content\/uploads\/2026\/04\/8-3-768x960.jpg 768w, https:\/\/www.tropicalbrownie.sk\/wp-content\/uploads\/2026\/04\/8-3-1229x1536.jpg 1229w, https:\/\/www.tropicalbrownie.sk\/wp-content\/uploads\/2026\/04\/8-3-1638x2048.jpg 1638w, https:\/\/www.tropicalbrownie.sk\/wp-content\/uploads\/2026\/04\/8-3-scaled.jpg 2048w\" sizes=\"(max-width: 819px) 100vw, 819px\" \/><\/figure>\n\n\n\n<figure class=\"wp-block-image alignfull size-large\"><img decoding=\"async\" loading=\"lazy\" width=\"819\" height=\"1024\" src=\"https:\/\/www.tropicalbrownie.sk\/wp-content\/uploads\/2026\/04\/6-1-819x1024.jpg\" alt=\"\" class=\"wp-image-466\" srcset=\"https:\/\/www.tropicalbrownie.sk\/wp-content\/uploads\/2026\/04\/6-1-819x1024.jpg 819w, https:\/\/www.tropicalbrownie.sk\/wp-content\/uploads\/2026\/04\/6-1-240x300.jpg 240w, https:\/\/www.tropicalbrownie.sk\/wp-content\/uploads\/2026\/04\/6-1-768x960.jpg 768w, https:\/\/www.tropicalbrownie.sk\/wp-content\/uploads\/2026\/04\/6-1-1229x1536.jpg 1229w, https:\/\/www.tropicalbrownie.sk\/wp-content\/uploads\/2026\/04\/6-1-1638x2048.jpg 1638w, https:\/\/www.tropicalbrownie.sk\/wp-content\/uploads\/2026\/04\/6-1-scaled.jpg 2048w\" sizes=\"(max-width: 819px) 100vw, 819px\" \/><\/figure>\n\n\n\n<figure class=\"is-layout-flex wp-block-gallery-1 wp-block-gallery has-nested-images columns-default is-cropped\">\n<figure class=\"wp-block-image size-large\"><img decoding=\"async\" loading=\"lazy\" width=\"819\" height=\"1024\" data-id=\"467\"  src=\"https:\/\/www.tropicalbrownie.sk\/wp-content\/uploads\/2026\/04\/7-1-819x1024.jpg\" alt=\"\" class=\"wp-image-467\" srcset=\"https:\/\/www.tropicalbrownie.sk\/wp-content\/uploads\/2026\/04\/7-1-819x1024.jpg 819w, https:\/\/www.tropicalbrownie.sk\/wp-content\/uploads\/2026\/04\/7-1-240x300.jpg 240w, https:\/\/www.tropicalbrownie.sk\/wp-content\/uploads\/2026\/04\/7-1-768x960.jpg 768w, https:\/\/www.tropicalbrownie.sk\/wp-content\/uploads\/2026\/04\/7-1-1229x1536.jpg 1229w, https:\/\/www.tropicalbrownie.sk\/wp-content\/uploads\/2026\/04\/7-1-1638x2048.jpg 1638w, https:\/\/www.tropicalbrownie.sk\/wp-content\/uploads\/2026\/04\/7-1-scaled.jpg 2048w\" sizes=\"(max-width: 819px) 100vw, 819px\" \/><\/figure>\n<\/figure>\n","protected":false},"excerpt":{"rendered":"","protected":false},"author":1,"featured_media":0,"parent":0,"menu_order":0,"comment_status":"closed","ping_status":"closed","template":"","meta":{"_mi_skip_tracking":false},"yoast_head":"<!-- This site is optimized with the Yoast SEO plugin v20.0 - https:\/\/yoast.com\/wordpress\/plugins\/seo\/ -->\n<title>INFORM\u00c1CIE - Tropical Brownie<\/title>\n<meta name=\"robots\" content=\"index, follow, max-snippet:-1, max-image-preview:large, max-video-preview:-1\" \/>\n<link rel=\"canonical\" href=\"https:\/\/www.tropicalbrownie.sk\/?page_id=22\" \/>\n<meta property=\"og:locale\" content=\"sk_SK\" \/>\n<meta property=\"og:type\" content=\"article\" \/>\n<meta property=\"og:title\" content=\"INFORM\u00c1CIE - Tropical Brownie\" \/>\n<meta property=\"og:url\" content=\"https:\/\/www.tropicalbrownie.sk\/?page_id=22\" \/>\n<meta property=\"og:site_name\" content=\"Tropical Brownie\" \/>\n<meta property=\"article:modified_time\" content=\"2026-04-21T08:52:26+00:00\" \/>\n<meta property=\"og:image\" content=\"https:\/\/www.tropicalbrownie.sk\/wp-content\/uploads\/2026\/04\/2-819x1024.jpg\" \/>\n<meta name=\"twitter:card\" content=\"summary_large_image\" \/>\n<meta name=\"twitter:label1\" content=\"Predpokladan\u00fd \u010das \u010d\u00edtania\" \/>\n\t<meta name=\"twitter:data1\" content=\"1 min\u00fata\" \/>\n<script type=\"application\/ld+json\" class=\"yoast-schema-graph\">{\"@context\":\"https:\/\/schema.org\",\"@graph\":[{\"@type\":\"WebPage\",\"@id\":\"https:\/\/www.tropicalbrownie.sk\/?page_id=22\",\"url\":\"https:\/\/www.tropicalbrownie.sk\/?page_id=22\",\"name\":\"INFORM\u00c1CIE - Tropical Brownie\",\"isPartOf\":{\"@id\":\"https:\/\/www.tropicalbrownie.sk\/#website\"},\"datePublished\":\"2023-01-26T18:53:47+00:00\",\"dateModified\":\"2026-04-21T08:52:26+00:00\",\"breadcrumb\":{\"@id\":\"https:\/\/www.tropicalbrownie.sk\/?page_id=22#breadcrumb\"},\"inLanguage\":\"sk-SK\",\"potentialAction\":[{\"@type\":\"ReadAction\",\"target\":[\"https:\/\/www.tropicalbrownie.sk\/?page_id=22\"]}]},{\"@type\":\"BreadcrumbList\",\"@id\":\"https:\/\/www.tropicalbrownie.sk\/?page_id=22#breadcrumb\",\"itemListElement\":[{\"@type\":\"ListItem\",\"position\":1,\"name\":\"Home\",\"item\":\"https:\/\/www.tropicalbrownie.sk\/\"},{\"@type\":\"ListItem\",\"position\":2,\"name\":\"INFORM\u00c1CIE\"}]},{\"@type\":\"WebSite\",\"@id\":\"https:\/\/www.tropicalbrownie.sk\/#website\",\"url\":\"https:\/\/www.tropicalbrownie.sk\/\",\"name\":\"Tropical Brownie\",\"description\":\"Najlep\u0161ia cena za najkvalitnej\u0161ie slu\u017eby\",\"potentialAction\":[{\"@type\":\"SearchAction\",\"target\":{\"@type\":\"EntryPoint\",\"urlTemplate\":\"https:\/\/www.tropicalbrownie.sk\/?s={search_term_string}\"},\"query-input\":\"required name=search_term_string\"}],\"inLanguage\":\"sk-SK\"}]}<\/script>\n<!-- \/ Yoast SEO plugin. -->","yoast_head_json":{"title":"INFORM\u00c1CIE - Tropical Brownie","robots":{"index":"index","follow":"follow","max-snippet":"max-snippet:-1","max-image-preview":"max-image-preview:large","max-video-preview":"max-video-preview:-1"},"canonical":"https:\/\/www.tropicalbrownie.sk\/?page_id=22","og_locale":"sk_SK","og_type":"article","og_title":"INFORM\u00c1CIE - Tropical Brownie","og_url":"https:\/\/www.tropicalbrownie.sk\/?page_id=22","og_site_name":"Tropical Brownie","article_modified_time":"2026-04-21T08:52:26+00:00","og_image":[{"url":"https:\/\/www.tropicalbrownie.sk\/wp-content\/uploads\/2026\/04\/2-819x1024.jpg"}],"twitter_card":"summary_large_image","twitter_misc":{"Predpokladan\u00fd \u010das \u010d\u00edtania":"1 min\u00fata"},"schema":{"@context":"https:\/\/schema.org","@graph":[{"@type":"WebPage","@id":"https:\/\/www.tropicalbrownie.sk\/?page_id=22","url":"https:\/\/www.tropicalbrownie.sk\/?page_id=22","name":"INFORM\u00c1CIE - Tropical Brownie","isPartOf":{"@id":"https:\/\/www.tropicalbrownie.sk\/#website"},"datePublished":"2023-01-26T18:53:47+00:00","dateModified":"2026-04-21T08:52:26+00:00","breadcrumb":{"@id":"https:\/\/www.tropicalbrownie.sk\/?page_id=22#breadcrumb"},"inLanguage":"sk-SK","potentialAction":[{"@type":"ReadAction","target":["https:\/\/www.tropicalbrownie.sk\/?page_id=22"]}]},{"@type":"BreadcrumbList","@id":"https:\/\/www.tropicalbrownie.sk\/?page_id=22#breadcrumb","itemListElement":[{"@type":"ListItem","position":1,"name":"Home","item":"https:\/\/www.tropicalbrownie.sk\/"},{"@type":"ListItem","position":2,"name":"INFORM\u00c1CIE"}]},{"@type":"WebSite","@id":"https:\/\/www.tropicalbrownie.sk\/#website","url":"https:\/\/www.tropicalbrownie.sk\/","name":"Tropical Brownie","description":"Najlep\u0161ia cena za najkvalitnej\u0161ie slu\u017eby","potentialAction":[{"@type":"SearchAction","target":{"@type":"EntryPoint","urlTemplate":"https:\/\/www.tropicalbrownie.sk\/?s={search_term_string}"},"query-input":"required name=search_term_string"}],"inLanguage":"sk-SK"}]}},"_links":{"self":[{"href":"https:\/\/www.tropicalbrownie.sk\/index.php?rest_route=\/wp\/v2\/pages\/22"}],"collection":[{"href":"https:\/\/www.tropicalbrownie.sk\/index.php?rest_route=\/wp\/v2\/pages"}],"about":[{"href":"https:\/\/www.tropicalbrownie.sk\/index.php?rest_route=\/wp\/v2\/types\/page"}],"author":[{"embeddable":true,"href":"https:\/\/www.tropicalbrownie.sk\/index.php?rest_route=\/wp\/v2\/users\/1"}],"replies":[{"embeddable":true,"href":"https:\/\/www.tropicalbrownie.sk\/index.php?rest_route=%2Fwp%2Fv2%2Fcomments&post=22"}],"version-history":[{"count":5,"href":"https:\/\/www.tropicalbrownie.sk\/index.php?rest_route=\/wp\/v2\/pages\/22\/revisions"}],"predecessor-version":[{"id":468,"href":"https:\/\/www.tropicalbrownie.sk\/index.php?rest_route=\/wp\/v2\/pages\/22\/revisions\/468"}],"wp:attachment":[{"href":"https:\/\/www.tropicalbrownie.sk\/index.php?rest_route=%2Fwp%2Fv2%2Fmedia&parent=22"}],"curies":[{"name":"wp","href":"https:\/\/api.w.org\/{rel}","templated":true}]}}