{"id":63,"date":"2023-01-26T21:13:01","date_gmt":"2023-01-26T20:13:01","guid":{"rendered":"https:\/\/www.tropicalbrownie.sk\/?page_id=63"},"modified":"2026-02-25T12:00:10","modified_gmt":"2026-02-25T11:00:10","slug":"kontakt","status":"publish","type":"page","link":"https:\/\/www.tropicalbrownie.sk\/?page_id=63","title":{"rendered":"KONTAKT"},"content":{"rendered":"\n<p class=\"has-white-color has-text-color has-background\" style=\"background-color:#a80000\"><strong>OBJEDN\u00c1VKY CEZ SOCI\u00c1LNE SIETE ALEBO TELEFONICKY <\/strong><\/p>\n\n\n\n<p class=\"has-white-background-color has-text-color has-background has-medium-font-size\" style=\"color:#005e45;text-decoration:none\"><strong>NOV\u00dd INSTAGRAM <\/strong>&#8211; <a href=\"https:\/\/www.instagram.com\/tropicalbrownie.spraytan\/\">https:\/\/www.instagram.com\/tropicalbrownie.sk\/<\/a><\/p>\n\n\n\n<p class=\"has-white-background-color has-text-color has-background has-medium-font-size\" style=\"color:#005e45;text-decoration:none\"><strong>FACEBOOK<\/strong> <strong>&#8211;<\/strong> <a href=\"https:\/\/www.facebook.com\/profile.php?id=100088246369550\">https:\/\/www.facebook.com\/profile.php?id=100088246369550<\/a><\/p>\n\n\n\n<p class=\"has-text-color has-background has-medium-font-size\" style=\"color:#005e45;background-color:#7dad9c00;text-decoration:none\"><strong>MOBIL<\/strong> <strong>&#8211;<\/strong> 0950 306 268<\/p>\n\n\n\n<p><\/p>\n\n\n\n<p class=\"has-text-color has-background has-medium-font-size\" style=\"color:#005e45;background-color:#7dad9c00\"><strong>ADRESA &#8211; <\/strong>Rastislavova 7, Ko\u0161ice. <\/p>\n\n\n\n<figure class=\"is-layout-flex wp-block-gallery-1 wp-block-gallery has-nested-images columns-default is-cropped\">\n<figure class=\"wp-block-image size-large\"><img decoding=\"async\" loading=\"lazy\" width=\"461\" height=\"1024\" data-id=\"271\"  src=\"https:\/\/www.tropicalbrownie.sk\/wp-content\/uploads\/2023\/12\/Screenshot_20231217-193114_Maps-461x1024.jpg\" alt=\"\" class=\"wp-image-271\" srcset=\"https:\/\/www.tropicalbrownie.sk\/wp-content\/uploads\/2023\/12\/Screenshot_20231217-193114_Maps-461x1024.jpg 461w, https:\/\/www.tropicalbrownie.sk\/wp-content\/uploads\/2023\/12\/Screenshot_20231217-193114_Maps-135x300.jpg 135w, https:\/\/www.tropicalbrownie.sk\/wp-content\/uploads\/2023\/12\/Screenshot_20231217-193114_Maps-768x1707.jpg 768w, https:\/\/www.tropicalbrownie.sk\/wp-content\/uploads\/2023\/12\/Screenshot_20231217-193114_Maps-691x1536.jpg 691w, https:\/\/www.tropicalbrownie.sk\/wp-content\/uploads\/2023\/12\/Screenshot_20231217-193114_Maps-922x2048.jpg 922w, https:\/\/www.tropicalbrownie.sk\/wp-content\/uploads\/2023\/12\/Screenshot_20231217-193114_Maps.jpg 1080w\" sizes=\"(max-width: 461px) 100vw, 461px\" \/><\/figure>\n<\/figure>\n","protected":false},"excerpt":{"rendered":"<p>OBJEDN\u00c1VKY CEZ SOCI\u00c1LNE SIETE ALEBO TELEFONICKY NOV\u00dd INSTAGRAM &#8211; https:\/\/www.instagram.com\/tropicalbrownie.sk\/ FACEBOOK &#8211; https:\/\/www.facebook.com\/profile.php?id=100088246369550 MOBIL &#8211; 0950 306 268 ADRESA &#8211; Rastislavova 7, Ko\u0161ice.<\/p>\n","protected":false},"author":1,"featured_media":0,"parent":0,"menu_order":0,"comment_status":"closed","ping_status":"closed","template":"","meta":{"_mi_skip_tracking":false},"yoast_head":"<!-- This site is optimized with the Yoast SEO plugin v20.0 - https:\/\/yoast.com\/wordpress\/plugins\/seo\/ -->\n<title>KONTAKT - Tropical Brownie<\/title>\n<meta name=\"robots\" content=\"index, follow, max-snippet:-1, max-image-preview:large, max-video-preview:-1\" \/>\n<link rel=\"canonical\" href=\"https:\/\/www.tropicalbrownie.sk\/?page_id=63\" \/>\n<meta property=\"og:locale\" content=\"sk_SK\" \/>\n<meta property=\"og:type\" content=\"article\" \/>\n<meta property=\"og:title\" content=\"KONTAKT - Tropical Brownie\" \/>\n<meta property=\"og:description\" content=\"OBJEDN\u00c1VKY CEZ SOCI\u00c1LNE SIETE ALEBO TELEFONICKY NOV\u00dd INSTAGRAM &#8211; https:\/\/www.instagram.com\/tropicalbrownie.sk\/ FACEBOOK &#8211; https:\/\/www.facebook.com\/profile.php?id=100088246369550 MOBIL &#8211; 0950 306 268 ADRESA &#8211; Rastislavova 7, Ko\u0161ice.\" \/>\n<meta property=\"og:url\" content=\"https:\/\/www.tropicalbrownie.sk\/?page_id=63\" \/>\n<meta property=\"og:site_name\" content=\"Tropical Brownie\" \/>\n<meta property=\"article:modified_time\" content=\"2026-02-25T11:00:10+00:00\" \/>\n<meta property=\"og:image\" content=\"https:\/\/www.tropicalbrownie.sk\/wp-content\/uploads\/2023\/12\/Screenshot_20231217-193114_Maps-461x1024.jpg\" \/>\n<meta name=\"twitter:card\" content=\"summary_large_image\" \/>\n<meta name=\"twitter:label1\" content=\"Predpokladan\u00fd \u010das \u010d\u00edtania\" \/>\n\t<meta name=\"twitter:data1\" content=\"1 min\u00fata\" \/>\n<script type=\"application\/ld+json\" class=\"yoast-schema-graph\">{\"@context\":\"https:\/\/schema.org\",\"@graph\":[{\"@type\":\"WebPage\",\"@id\":\"https:\/\/www.tropicalbrownie.sk\/?page_id=63\",\"url\":\"https:\/\/www.tropicalbrownie.sk\/?page_id=63\",\"name\":\"KONTAKT - Tropical Brownie\",\"isPartOf\":{\"@id\":\"https:\/\/www.tropicalbrownie.sk\/#website\"},\"datePublished\":\"2023-01-26T20:13:01+00:00\",\"dateModified\":\"2026-02-25T11:00:10+00:00\",\"breadcrumb\":{\"@id\":\"https:\/\/www.tropicalbrownie.sk\/?page_id=63#breadcrumb\"},\"inLanguage\":\"sk-SK\",\"potentialAction\":[{\"@type\":\"ReadAction\",\"target\":[\"https:\/\/www.tropicalbrownie.sk\/?page_id=63\"]}]},{\"@type\":\"BreadcrumbList\",\"@id\":\"https:\/\/www.tropicalbrownie.sk\/?page_id=63#breadcrumb\",\"itemListElement\":[{\"@type\":\"ListItem\",\"position\":1,\"name\":\"Home\",\"item\":\"https:\/\/www.tropicalbrownie.sk\/\"},{\"@type\":\"ListItem\",\"position\":2,\"name\":\"KONTAKT\"}]},{\"@type\":\"WebSite\",\"@id\":\"https:\/\/www.tropicalbrownie.sk\/#website\",\"url\":\"https:\/\/www.tropicalbrownie.sk\/\",\"name\":\"Tropical Brownie\",\"description\":\"Najlep\u0161ia cena za najkvalitnej\u0161ie slu\u017eby\",\"potentialAction\":[{\"@type\":\"SearchAction\",\"target\":{\"@type\":\"EntryPoint\",\"urlTemplate\":\"https:\/\/www.tropicalbrownie.sk\/?s={search_term_string}\"},\"query-input\":\"required name=search_term_string\"}],\"inLanguage\":\"sk-SK\"}]}<\/script>\n<!-- \/ Yoast SEO plugin. -->","yoast_head_json":{"title":"KONTAKT - Tropical Brownie","robots":{"index":"index","follow":"follow","max-snippet":"max-snippet:-1","max-image-preview":"max-image-preview:large","max-video-preview":"max-video-preview:-1"},"canonical":"https:\/\/www.tropicalbrownie.sk\/?page_id=63","og_locale":"sk_SK","og_type":"article","og_title":"KONTAKT - Tropical Brownie","og_description":"OBJEDN\u00c1VKY CEZ SOCI\u00c1LNE SIETE ALEBO TELEFONICKY NOV\u00dd INSTAGRAM &#8211; https:\/\/www.instagram.com\/tropicalbrownie.sk\/ FACEBOOK &#8211; https:\/\/www.facebook.com\/profile.php?id=100088246369550 MOBIL &#8211; 0950 306 268 ADRESA &#8211; Rastislavova 7, Ko\u0161ice.","og_url":"https:\/\/www.tropicalbrownie.sk\/?page_id=63","og_site_name":"Tropical Brownie","article_modified_time":"2026-02-25T11:00:10+00:00","og_image":[{"url":"https:\/\/www.tropicalbrownie.sk\/wp-content\/uploads\/2023\/12\/Screenshot_20231217-193114_Maps-461x1024.jpg"}],"twitter_card":"summary_large_image","twitter_misc":{"Predpokladan\u00fd \u010das \u010d\u00edtania":"1 min\u00fata"},"schema":{"@context":"https:\/\/schema.org","@graph":[{"@type":"WebPage","@id":"https:\/\/www.tropicalbrownie.sk\/?page_id=63","url":"https:\/\/www.tropicalbrownie.sk\/?page_id=63","name":"KONTAKT - Tropical Brownie","isPartOf":{"@id":"https:\/\/www.tropicalbrownie.sk\/#website"},"datePublished":"2023-01-26T20:13:01+00:00","dateModified":"2026-02-25T11:00:10+00:00","breadcrumb":{"@id":"https:\/\/www.tropicalbrownie.sk\/?page_id=63#breadcrumb"},"inLanguage":"sk-SK","potentialAction":[{"@type":"ReadAction","target":["https:\/\/www.tropicalbrownie.sk\/?page_id=63"]}]},{"@type":"BreadcrumbList","@id":"https:\/\/www.tropicalbrownie.sk\/?page_id=63#breadcrumb","itemListElement":[{"@type":"ListItem","position":1,"name":"Home","item":"https:\/\/www.tropicalbrownie.sk\/"},{"@type":"ListItem","position":2,"name":"KONTAKT"}]},{"@type":"WebSite","@id":"https:\/\/www.tropicalbrownie.sk\/#website","url":"https:\/\/www.tropicalbrownie.sk\/","name":"Tropical Brownie","description":"Najlep\u0161ia cena za najkvalitnej\u0161ie slu\u017eby","potentialAction":[{"@type":"SearchAction","target":{"@type":"EntryPoint","urlTemplate":"https:\/\/www.tropicalbrownie.sk\/?s={search_term_string}"},"query-input":"required name=search_term_string"}],"inLanguage":"sk-SK"}]}},"_links":{"self":[{"href":"https:\/\/www.tropicalbrownie.sk\/index.php?rest_route=\/wp\/v2\/pages\/63"}],"collection":[{"href":"https:\/\/www.tropicalbrownie.sk\/index.php?rest_route=\/wp\/v2\/pages"}],"about":[{"href":"https:\/\/www.tropicalbrownie.sk\/index.php?rest_route=\/wp\/v2\/types\/page"}],"author":[{"embeddable":true,"href":"https:\/\/www.tropicalbrownie.sk\/index.php?rest_route=\/wp\/v2\/users\/1"}],"replies":[{"embeddable":true,"href":"https:\/\/www.tropicalbrownie.sk\/index.php?rest_route=%2Fwp%2Fv2%2Fcomments&post=63"}],"version-history":[{"count":5,"href":"https:\/\/www.tropicalbrownie.sk\/index.php?rest_route=\/wp\/v2\/pages\/63\/revisions"}],"predecessor-version":[{"id":435,"href":"https:\/\/www.tropicalbrownie.sk\/index.php?rest_route=\/wp\/v2\/pages\/63\/revisions\/435"}],"wp:attachment":[{"href":"https:\/\/www.tropicalbrownie.sk\/index.php?rest_route=%2Fwp%2Fv2%2Fmedia&parent=63"}],"curies":[{"name":"wp","href":"https:\/\/api.w.org\/{rel}","templated":true}]}}